{"id":8915,"date":"2019-07-31T05:23:00","date_gmt":"2019-07-31T05:23:00","guid":{"rendered":"https:\/\/mw-megawork.de\/home-3\/"},"modified":"2025-05-15T13:05:35","modified_gmt":"2025-05-15T11:05:35","slug":"home-3","status":"publish","type":"page","link":"https:\/\/mw-megawork.de\/de\/","title":{"rendered":"Hauptseite"},"content":{"rendered":"<div class=\"wpb-content-wrapper\"><p>[vc_row][vc_column][vc_empty_space height=&#8221;35px&#8221;][\/vc_column][\/vc_row][vc_row css=&#8221;.vc_custom_1702188934075{padding-top: 50px !important;padding-bottom: 50px !important;}&#8221;][vc_column width=&#8221;2\/3&#8243;]\r\n        <div class=\"rs-heading   vc_custom_1747307132697  \">\r\n        \t<div class=\"title-inner\">\r\n        \t\t<div class=\"title-img\"><img decoding=\"async\" src=\" \" alt=\"\"\/><\/div>\r\n\t            <span class=\"sub-text title-upper\">\u00dcBER UNS<\/span>\r\n\t            <h2 class=\"title \">Megawork GmbH<\/h2>\r\n\t        <\/div><\/div>[vc_column_text]Unser Bauunternehmen bietet eine breite Palette von Dienstleistungen im Zusammenhang mit verschiedenen Bauprojekten an. Wir sind seit mehr als 3 Jahren in diesem Bereich t\u00e4tig. Wir sind stolz auf die Qualit\u00e4t unserer Arbeit und streben nach st\u00e4ndiger Verbesserung. Unser Team von Spezialisten ist erfahren, professionell und \u00fcberzeugt von seinen F\u00e4higkeiten. Wir sind bereit, jedes Projekt in Angriff zu nehmen und f\u00fcr unsere Kunden hervorragende Ergebnisse zu erzielen. Ihr Vertrauen und Ihre Zufriedenheit haben f\u00fcr uns oberste Priorit\u00e4t.[\/vc_column_text][\/vc_column][vc_column width=&#8221;1\/3&#8243;][\/vc_column][\/vc_row][vc_row full_width=&#8221;stretch_row&#8221; content_placement=&#8221;middle&#8221; disable_element=&#8221;yes&#8221; css=&#8221;.vc_custom_1702187969727{padding-top: 65px !important;padding-bottom: 65px !important;background-image: url(https:\/\/mw-megawork.de\/wp-content\/uploads\/2019\/07\/sec_bg3.jpg?id=7294) !important;background-position: center !important;background-repeat: no-repeat !important;background-size: cover !important;}&#8221; el_class=&#8221;md-full-col&#8221; el_id=&#8221;about&#8221;][vc_column width=&#8221;1\/2&#8243; css=&#8221;.vc_custom_1564476259033{padding-left: 20px !important;}&#8221;]\r\n        <div class=\"rs-heading   vc_custom_1573654783108  \">\r\n        \t<div class=\"title-inner\">\r\n        \t\t<div class=\"title-img\"><img decoding=\"async\" src=\" \" alt=\"\"\/><\/div>\r\n\t            <span class=\"sub-text title-upper\">ABOUT US<\/span>\r\n\t            <h2 class=\"title \">G&amp;S Global Construction<\/h2>\r\n\t        <\/div><\/div>[vc_column_text]Our company was founded in 2012 and has established itself as a reliable partner during this time. Our primary area of activity is the rendering services in the construction field. The company employs professionals who are performed their job with all responsibilities. This allows us to ensure the all our work is completed qualitatively.<\/p>\n<h4>Our primary areas of activity include:<\/h4>\n<ul class=\"check-icon two-call\">\n<li>Construction<\/li>\n<li>Renovation<\/li>\n<li>Structure dismantling<\/li>\n<li>Structure erection<\/li>\n<\/ul>\n<h4>If you are looking for a reliable partner, we will be happy to offer our services.<\/h4>\n<p>[\/vc_column_text][\/vc_column][vc_column width=&#8221;1\/2&#8243;][vc_single_image image=&#8221;8510&#8243; img_size=&#8221;full&#8221;][\/vc_column][\/vc_row][vc_row full_width=&#8221;stretch_row&#8221; css=&#8221;.vc_custom_1745348641087{padding-top: 60px !important;padding-bottom: 60px !important;background-color: #0158ca !important;}&#8221;][vc_column css=&#8221;.vc_custom_1564650417533{padding-top: 0px !important;}&#8221;]\n\t\t\t        <div class=\"rs-cta \">\n\t\t\t\t\t\t<div class=\"cta-wrap style1 \">\n\t\t\t\t\t\t\t<div class=\"row\">\n\t\t\t\t\t\t\t\t<div class=\"col-lg-5 hidden-md\">\n\t\t\t\t\t\t\t\t\t<div class=\"title-img\"><img decoding=\"async\" src=\" \" alt=\"\" \/><\/div>\n\t\t\t\t\t\t\t\t<\/div>\n\t\t\t\t\t\t\t\t<div class=\"col-lg-7\">\n\t\t\t\t\t\t\t\t\t<div class=\"vertical-middle\">\n\t\t\t\t\t\t\t\t\t\t<div class=\"vertical-middle-cell title-wrap discount-title\">\n\t\t\t\t\t\t\t\t\t\t\t\n\t\t\t\t\t\t\t\t\t\t\t<h2 style=\"color: #ffffff; font-size: 40px; line-height: 1.2 \" class=\"exp-title\">Teilen Sie uns Ihr Projekt mit<\/h2>\n\t\t\t\t\t\t\t\t\t\t\t\n\t\t\t\t\t\t\t\t\t\t\t<div class=\"button-wrap\">\n\t\t\t\t\t\t\t\t\t\t\t\t<a style=\"background: #0158ca;border-color: #ffffff;color: #ffffff;\" href=\"https:\/\/mw-megawork.de\/de\/contact\/\" title=\"Contact\" data-leavebg=\"#0158ca\" data-leaveborder=\"#ffffff\" data-leavecolor=\"#ffffff\" data-hoverbg=\"#2c70c9\" data-hoverborder=\"#2e71c9\" data-hovertext=\"#ffffff\">Kontaktiere uns <i class=\"fa flaticon-right-arrow\"><\/i><\/a>\n\t\t\t\t\t\t\t\t\t\t\t<\/div>\n\t\t\t\t\t\t\t\t\t\t<\/div>\n\t\t\t\t\t\t\t\t\t<\/div>\n\n\n\t\t\t\t\t\t\t\t<\/div>\t\t\t\t\t\t\t\n\t\t\t\t\t\t\t\t\n\t\t\t\t\t\t\t<\/div>\n\t\t\t\t\t\t<\/div>\n\t\t\t\t\t<\/div>[\/vc_column][\/vc_row]<\/p>\n<\/div>","protected":false},"excerpt":{"rendered":"<p>[vc_row][vc_column][vc_empty_space height=&#8221;35px&#8221;][\/vc_column][\/vc_row][vc_row css=&#8221;.vc_custom_1702188934075{padding-top: 50px !important;padding-bottom: 50px !important;}&#8221;][vc_column width=&#8221;2\/3&#8243;][vc_column_text]Unser Bauunternehmen bietet eine breite Palette von Dienstleistungen im Zusammenhang mit verschiedenen Bauprojekten an. Wir sind seit mehr als 3 Jahren in diesem Bereich t\u00e4tig. Wir sind stolz auf die Qualit\u00e4t unserer Arbeit und streben nach st\u00e4ndiger Verbesserung. Unser Team von Spezialisten ist erfahren, professionell und \u00fcberzeugt von&#8230;<\/p>\n","protected":false},"author":1,"featured_media":0,"parent":0,"menu_order":0,"comment_status":"closed","ping_status":"closed","template":"","meta":{"_vp_format_video_url":"","_vp_image_focal_point":[],"footnotes":""},"class_list":["post-8915","page","type-page","status-publish","hentry"],"_links":{"self":[{"href":"https:\/\/mw-megawork.de\/de\/wp-json\/wp\/v2\/pages\/8915","targetHints":{"allow":["GET"]}}],"collection":[{"href":"https:\/\/mw-megawork.de\/de\/wp-json\/wp\/v2\/pages"}],"about":[{"href":"https:\/\/mw-megawork.de\/de\/wp-json\/wp\/v2\/types\/page"}],"author":[{"embeddable":true,"href":"https:\/\/mw-megawork.de\/de\/wp-json\/wp\/v2\/users\/1"}],"replies":[{"embeddable":true,"href":"https:\/\/mw-megawork.de\/de\/wp-json\/wp\/v2\/comments?post=8915"}],"version-history":[{"count":10,"href":"https:\/\/mw-megawork.de\/de\/wp-json\/wp\/v2\/pages\/8915\/revisions"}],"predecessor-version":[{"id":10437,"href":"https:\/\/mw-megawork.de\/de\/wp-json\/wp\/v2\/pages\/8915\/revisions\/10437"}],"wp:attachment":[{"href":"https:\/\/mw-megawork.de\/de\/wp-json\/wp\/v2\/media?parent=8915"}],"curies":[{"name":"wp","href":"https:\/\/api.w.org\/{rel}","templated":true}]}}